{"id":2139,"date":"2020-09-14T17:25:24","date_gmt":"2020-09-14T17:25:24","guid":{"rendered":"http:\/\/qamkjpf.cluster030.hosting.ovh.net\/?page_id=2139"},"modified":"2021-10-16T01:44:07","modified_gmt":"2021-10-16T01:44:07","slug":"questions","status":"publish","type":"page","link":"https:\/\/lecigalon.lu\/de\/questions\/","title":{"rendered":"Oft gestellte Fragen (FAQs)"},"content":{"rendered":"<div style=\"visibility: hidden; position: absolute; width: 0px; height: 0px;\">\n  <svg xmlns=\"http:\/\/www.w3.org\/2000\/svg\">\n    <symbol viewbox=\"0 0 24 24\" id=\"expand-more\">\n      <path d=\"M16.59 8.59L12 13.17 7.41 8.59 6 10l6 6 6-6z\"\/><path d=\"M0 0h24v24H0z\" fill=\"none\"\/>\n    <\/symbol>\n    <symbol viewbox=\"0 0 24 24\" id=\"close\">\n      <path d=\"M19 6.41L17.59 5 12 10.59 6.41 5 5 6.41 10.59 12 5 17.59 6.41 19 12 13.41 17.59 19 19 17.59 13.41 12z\"\/><path d=\"M0 0h24v24H0z\" fill=\"none\"\/>\n    <\/symbol>\n  <\/svg>\n<\/div>\n<details>\n<summary>\n    Check-in &#038; Check-out<br \/>\n    <svg class=\"control-icon control-icon-expand\" width=\"24\" height=\"24\" role=\"presentation\"><use xmlns:xlink=\"http:\/\/www.w3.org\/1999\/xlink\" xlink:href=\"#expand-more\" \/><\/svg><br \/>\n    <svg class=\"control-icon control-icon-close\" width=\"24\" height=\"24\" role=\"presentation\"><use xmlns:xlink=\"http:\/\/www.w3.org\/1999\/xlink\" xlink:href=\"#close\" \/><\/svg><br \/>\n  <\/summary>\n<p>Der Check-In beginnt um 14:00 Uhr und der Check-Out ist bis 11:00 Uhr m\u00f6glich. Wir bitten Sie, vor 18:00 Uhr einzuchecken.<\/p>\n<\/details>\n<details>\n<summary>\n    Parken am Hotel<br \/>\n    <svg class=\"control-icon control-icon-expand\" width=\"24\" height=\"24\" role=\"presentation\"><use xmlns:xlink=\"http:\/\/www.w3.org\/1999\/xlink\" xlink:href=\"#expand-more\" \/><\/svg><br \/>\n    <svg class=\"control-icon control-icon-close\" width=\"24\" height=\"24\" role=\"presentation\"><use xmlns:xlink=\"http:\/\/www.w3.org\/1999\/xlink\" xlink:href=\"#close\" \/><\/svg><br \/>\n  <\/summary>\n<p class=\"translation-block\">Alle unsere G\u00e4ste k\u00f6nnen <em><strong>kostenlos<\/strong><\/em> parken und es gibt eine Garage f\u00fcr Fahrr\u00e4der und Motorr\u00e4der.<\/p>\n<\/details>\n<details>\n<summary>\n    Was wir Ihnen anbieten<br \/>\n    <svg class=\"control-icon control-icon-expand\" width=\"24\" height=\"24\" role=\"presentation\"><use xmlns:xlink=\"http:\/\/www.w3.org\/1999\/xlink\" xlink:href=\"#expand-more\" \/><\/svg><br \/>\n    <svg class=\"control-icon control-icon-close\" width=\"24\" height=\"24\" role=\"presentation\"><use xmlns:xlink=\"http:\/\/www.w3.org\/1999\/xlink\" xlink:href=\"#close\" \/><\/svg><br \/>\n  <\/summary>\n<p class=\"translation-block\">Wir bieten allen unseren Kunden <em><strong> kostenloses WLAN<\/strong><\/em>.<\/p>\n<\/details>\n<details>\n<summary>\n    Unsere Preise<br \/>\n    <svg class=\"control-icon control-icon-expand\" width=\"24\" height=\"24\" role=\"presentation\"><use xmlns:xlink=\"http:\/\/www.w3.org\/1999\/xlink\" xlink:href=\"#expand-more\" \/><\/svg><br \/>\n    <svg class=\"control-icon control-icon-close\" width=\"24\" height=\"24\" role=\"presentation\"><use xmlns:xlink=\"http:\/\/www.w3.org\/1999\/xlink\" xlink:href=\"#close\" \/><\/svg><br \/>\n  <\/summary>\n<p> Kinder unter 3 Jahren \u00fcbernachten kostenlos im Hotel Le Cigalon. Alle Preise verstehen sich inklusive Mehrwertsteuer.<\/p>\n<\/details>\n<details>\n<summary>\n    Wie kann ich bezahlen?<br \/>\n    <svg class=\"control-icon control-icon-expand\" width=\"24\" height=\"24\" role=\"presentation\"><use xmlns:xlink=\"http:\/\/www.w3.org\/1999\/xlink\" xlink:href=\"#expand-more\" \/><\/svg><br \/>\n    <svg class=\"control-icon control-icon-close\" width=\"24\" height=\"24\" role=\"presentation\"><use xmlns:xlink=\"http:\/\/www.w3.org\/1999\/xlink\" xlink:href=\"#close\" \/><\/svg><br \/>\n  <\/summary>\n<p>Bei Cigalon akzeptieren wir folgende Kredit- und Debitkarten: Visa, Mastercard, Maestro und V PAY.<\/p>\n<\/details>\n<details>\n<summary>\n    Darf ich mein Haustier mitbringen?<br \/>\n    <svg class=\"control-icon control-icon-expand\" width=\"24\" height=\"24\" role=\"presentation\"><use xmlns:xlink=\"http:\/\/www.w3.org\/1999\/xlink\" xlink:href=\"#expand-more\" \/><\/svg><br \/>\n    <svg class=\"control-icon control-icon-close\" width=\"24\" height=\"24\" role=\"presentation\"><use xmlns:xlink=\"http:\/\/www.w3.org\/1999\/xlink\" xlink:href=\"#close\" \/><\/svg><br \/>\n  <\/summary>\n<p> Sie k\u00f6nnen Ihren Hund gegen eine zus\u00e4tzliche Geb\u00fchr von EUR 15 pro Tag zum Hotel bringen.<\/p>\n<\/details>\n<details>\n<summary>\n    Unser Restaurant<br \/>\n    <svg class=\"control-icon control-icon-expand\" width=\"24\" height=\"24\" role=\"presentation\"><use xmlns:xlink=\"http:\/\/www.w3.org\/1999\/xlink\" xlink:href=\"#expand-more\" \/><\/svg><br \/>\n    <svg class=\"control-icon control-icon-close\" width=\"24\" height=\"24\" role=\"presentation\"><use xmlns:xlink=\"http:\/\/www.w3.org\/1999\/xlink\" xlink:href=\"#close\" \/><\/svg><br \/>\n  <\/summary>\n<p>Unser Restaurant ist von Mittwoch bis Sonntag von 12.00 bis 13.30 Uhr ge\u00f6ffnet. Am Samstagabend und Sonntagnachmittag k\u00f6nnen Sie nur unser Men\u00fc bestellen (kein \u00e0 la carte Men\u00fc). Montags und dienstags ist unser Restaurant geschlossen. Wir bieten Ihnen auch zwei unterschiedliche Men\u00fcs: unser Restaurantmen\u00fc und unser Bistromen\u00fc.<\/p>\n<\/details>\n<details>\n<summary>\n    Zugang f\u00fcr Menschen mit eingeschr\u00e4nkter Mobilit\u00e4t<br \/>\n    <svg class=\"control-icon control-icon-expand\" width=\"24\" height=\"24\" role=\"presentation\"><use xmlns:xlink=\"http:\/\/www.w3.org\/1999\/xlink\" xlink:href=\"#expand-more\" \/><\/svg><br \/>\n    <svg class=\"control-icon control-icon-close\" width=\"24\" height=\"24\" role=\"presentation\"><use xmlns:xlink=\"http:\/\/www.w3.org\/1999\/xlink\" xlink:href=\"#close\" \/><\/svg><br \/>\n  <\/summary>\n<p> Das Hotel und das Restaurant sind f\u00fcr Rollstuhlfahrer geeignet.<\/p>\n<\/details>\n<\/div>","protected":false},"excerpt":{"rendered":"<p>Check-in &#038; Check-out Le check-in commence \u00e0 14h00 et le check-out est possible jusqu\u2019\u00e0 11h00. Nous vous demandons d\u2019effectuer le check-in avant 18h00. Parking de l&rsquo;h\u00f4tel Tous nos clients peuvent se garer gratuitement et il y a un garage pour les v\u00e9los et les motos. Ce que nous offrons \u00e0 l&rsquo;h\u00f4tel Nous offrons \u00e0 tous [&hellip;]<\/p>","protected":false},"author":2,"featured_media":0,"parent":0,"menu_order":0,"comment_status":"closed","ping_status":"closed","template":"","meta":{"_acf_changed":false,"footnotes":""},"class_list":["post-2139","page","type-page","status-publish","hentry"],"acf":[],"yoast_head":"<!-- This site is optimized with the Yoast SEO plugin v26.5 - https:\/\/yoast.com\/wordpress\/plugins\/seo\/ -->\n<title>Questions fr\u00e9quemment pos\u00e9es - H\u00f4tel-Restaurant Le Cigalon<\/title>\n<meta name=\"robots\" content=\"index, follow, max-snippet:-1, max-image-preview:large, max-video-preview:-1\" \/>\n<link rel=\"canonical\" href=\"https:\/\/lecigalon.lu\/de\/questions\/\" \/>\n<meta property=\"og:locale\" content=\"de_DE\" \/>\n<meta property=\"og:type\" content=\"article\" \/>\n<meta property=\"og:title\" content=\"Questions fr\u00e9quemment pos\u00e9es - H\u00f4tel-Restaurant Le Cigalon\" \/>\n<meta property=\"og:description\" content=\"Check-in &#038; Check-out Le check-in commence \u00e0 14h00 et le check-out est possible jusqu\u2019\u00e0 11h00. Nous vous demandons d\u2019effectuer le check-in avant 18h00. Parking de l&rsquo;h\u00f4tel Tous nos clients peuvent se garer gratuitement et il y a un garage pour les v\u00e9los et les motos. Ce que nous offrons \u00e0 l&rsquo;h\u00f4tel Nous offrons \u00e0 tous [&hellip;]\" \/>\n<meta property=\"og:url\" content=\"https:\/\/lecigalon.lu\/de\/questions\/\" \/>\n<meta property=\"og:site_name\" content=\"H\u00f4tel-Restaurant Le Cigalon\" \/>\n<meta property=\"article:publisher\" content=\"https:\/\/www.facebook.com\/LeCigalonMullerthal\" \/>\n<meta property=\"article:modified_time\" content=\"2021-10-16T01:44:07+00:00\" \/>\n<meta name=\"twitter:card\" content=\"summary_large_image\" \/>\n<meta name=\"twitter:label1\" content=\"Gesch\u00e4tzte Lesezeit\" \/>\n\t<meta name=\"twitter:data1\" content=\"1\u00a0Minute\" \/>\n<script type=\"application\/ld+json\" class=\"yoast-schema-graph\">{\"@context\":\"https:\/\/schema.org\",\"@graph\":[{\"@type\":\"WebPage\",\"@id\":\"https:\/\/lecigalon.lu\/questions\/\",\"url\":\"https:\/\/lecigalon.lu\/questions\/\",\"name\":\"Questions fr\u00e9quemment pos\u00e9es - H\u00f4tel-Restaurant Le Cigalon\",\"isPartOf\":{\"@id\":\"https:\/\/lecigalon.lu\/#website\"},\"datePublished\":\"2020-09-14T17:25:24+00:00\",\"dateModified\":\"2021-10-16T01:44:07+00:00\",\"breadcrumb\":{\"@id\":\"https:\/\/lecigalon.lu\/questions\/#breadcrumb\"},\"inLanguage\":\"de\",\"potentialAction\":[{\"@type\":\"ReadAction\",\"target\":[\"https:\/\/lecigalon.lu\/questions\/\"]}]},{\"@type\":\"BreadcrumbList\",\"@id\":\"https:\/\/lecigalon.lu\/questions\/#breadcrumb\",\"itemListElement\":[{\"@type\":\"ListItem\",\"position\":1,\"name\":\"Home\",\"item\":\"https:\/\/lecigalon.lu\/\"},{\"@type\":\"ListItem\",\"position\":2,\"name\":\"Questions fr\u00e9quemment pos\u00e9es\"}]},{\"@type\":\"WebSite\",\"@id\":\"https:\/\/lecigalon.lu\/#website\",\"url\":\"https:\/\/lecigalon.lu\/\",\"name\":\"H\u00f4tel-Restaurant Le Cigalon\",\"description\":\"Votre meilleur h\u00f4tel dans le Mullerthal\",\"publisher\":{\"@id\":\"https:\/\/lecigalon.lu\/#organization\"},\"potentialAction\":[{\"@type\":\"SearchAction\",\"target\":{\"@type\":\"EntryPoint\",\"urlTemplate\":\"https:\/\/lecigalon.lu\/?s={search_term_string}\"},\"query-input\":{\"@type\":\"PropertyValueSpecification\",\"valueRequired\":true,\"valueName\":\"search_term_string\"}}],\"inLanguage\":\"de\"},{\"@type\":\"Organization\",\"@id\":\"https:\/\/lecigalon.lu\/#organization\",\"name\":\"H\u00f4tel-Restaurant Le Cigalon\",\"url\":\"https:\/\/lecigalon.lu\/\",\"logo\":{\"@type\":\"ImageObject\",\"inLanguage\":\"de\",\"@id\":\"https:\/\/lecigalon.lu\/#\/schema\/logo\/image\/\",\"url\":\"https:\/\/lecigalon.lu\/wp-content\/uploads\/2021\/03\/CIGALON_Stars-1.jpg\",\"contentUrl\":\"https:\/\/lecigalon.lu\/wp-content\/uploads\/2021\/03\/CIGALON_Stars-1.jpg\",\"width\":1000,\"height\":596,\"caption\":\"H\u00f4tel-Restaurant Le Cigalon\"},\"image\":{\"@id\":\"https:\/\/lecigalon.lu\/#\/schema\/logo\/image\/\"},\"sameAs\":[\"https:\/\/www.facebook.com\/LeCigalonMullerthal\",\"https:\/\/www.instagram.com\/lecigalon_mullerthal\"]}]}<\/script>\n<!-- \/ Yoast SEO plugin. -->","yoast_head_json":{"title":"Questions fr\u00e9quemment pos\u00e9es - H\u00f4tel-Restaurant Le Cigalon","robots":{"index":"index","follow":"follow","max-snippet":"max-snippet:-1","max-image-preview":"max-image-preview:large","max-video-preview":"max-video-preview:-1"},"canonical":"https:\/\/lecigalon.lu\/de\/questions\/","og_locale":"de_DE","og_type":"article","og_title":"Questions fr\u00e9quemment pos\u00e9es - H\u00f4tel-Restaurant Le Cigalon","og_description":"Check-in &#038; Check-out Le check-in commence \u00e0 14h00 et le check-out est possible jusqu\u2019\u00e0 11h00. Nous vous demandons d\u2019effectuer le check-in avant 18h00. Parking de l&rsquo;h\u00f4tel Tous nos clients peuvent se garer gratuitement et il y a un garage pour les v\u00e9los et les motos. Ce que nous offrons \u00e0 l&rsquo;h\u00f4tel Nous offrons \u00e0 tous [&hellip;]","og_url":"https:\/\/lecigalon.lu\/de\/questions\/","og_site_name":"H\u00f4tel-Restaurant Le Cigalon","article_publisher":"https:\/\/www.facebook.com\/LeCigalonMullerthal","article_modified_time":"2021-10-16T01:44:07+00:00","twitter_card":"summary_large_image","twitter_misc":{"Gesch\u00e4tzte Lesezeit":"1\u00a0Minute"},"schema":{"@context":"https:\/\/schema.org","@graph":[{"@type":"WebPage","@id":"https:\/\/lecigalon.lu\/questions\/","url":"https:\/\/lecigalon.lu\/questions\/","name":"Questions fr\u00e9quemment pos\u00e9es - H\u00f4tel-Restaurant Le Cigalon","isPartOf":{"@id":"https:\/\/lecigalon.lu\/#website"},"datePublished":"2020-09-14T17:25:24+00:00","dateModified":"2021-10-16T01:44:07+00:00","breadcrumb":{"@id":"https:\/\/lecigalon.lu\/questions\/#breadcrumb"},"inLanguage":"de","potentialAction":[{"@type":"ReadAction","target":["https:\/\/lecigalon.lu\/questions\/"]}]},{"@type":"BreadcrumbList","@id":"https:\/\/lecigalon.lu\/questions\/#breadcrumb","itemListElement":[{"@type":"ListItem","position":1,"name":"Home","item":"https:\/\/lecigalon.lu\/"},{"@type":"ListItem","position":2,"name":"Questions fr\u00e9quemment pos\u00e9es"}]},{"@type":"WebSite","@id":"https:\/\/lecigalon.lu\/#website","url":"https:\/\/lecigalon.lu\/","name":"Hotel-Restaurant Le Cigalon","description":"Votre meilleur h\u00f4tel dans le Mullerthal","publisher":{"@id":"https:\/\/lecigalon.lu\/#organization"},"potentialAction":[{"@type":"SearchAction","target":{"@type":"EntryPoint","urlTemplate":"https:\/\/lecigalon.lu\/?s={search_term_string}"},"query-input":{"@type":"PropertyValueSpecification","valueRequired":true,"valueName":"search_term_string"}}],"inLanguage":"de"},{"@type":"Organization","@id":"https:\/\/lecigalon.lu\/#organization","name":"Hotel-Restaurant Le Cigalon","url":"https:\/\/lecigalon.lu\/","logo":{"@type":"ImageObject","inLanguage":"de","@id":"https:\/\/lecigalon.lu\/#\/schema\/logo\/image\/","url":"https:\/\/lecigalon.lu\/wp-content\/uploads\/2021\/03\/CIGALON_Stars-1.jpg","contentUrl":"https:\/\/lecigalon.lu\/wp-content\/uploads\/2021\/03\/CIGALON_Stars-1.jpg","width":1000,"height":596,"caption":"H\u00f4tel-Restaurant Le Cigalon"},"image":{"@id":"https:\/\/lecigalon.lu\/#\/schema\/logo\/image\/"},"sameAs":["https:\/\/www.facebook.com\/LeCigalonMullerthal","https:\/\/www.instagram.com\/lecigalon_mullerthal"]}]}},"_links":{"self":[{"href":"https:\/\/lecigalon.lu\/de\/wp-json\/wp\/v2\/pages\/2139","targetHints":{"allow":["GET"]}}],"collection":[{"href":"https:\/\/lecigalon.lu\/de\/wp-json\/wp\/v2\/pages"}],"about":[{"href":"https:\/\/lecigalon.lu\/de\/wp-json\/wp\/v2\/types\/page"}],"author":[{"embeddable":true,"href":"https:\/\/lecigalon.lu\/de\/wp-json\/wp\/v2\/users\/2"}],"replies":[{"embeddable":true,"href":"https:\/\/lecigalon.lu\/de\/wp-json\/wp\/v2\/comments?post=2139"}],"version-history":[{"count":16,"href":"https:\/\/lecigalon.lu\/de\/wp-json\/wp\/v2\/pages\/2139\/revisions"}],"predecessor-version":[{"id":3431,"href":"https:\/\/lecigalon.lu\/de\/wp-json\/wp\/v2\/pages\/2139\/revisions\/3431"}],"wp:attachment":[{"href":"https:\/\/lecigalon.lu\/de\/wp-json\/wp\/v2\/media?parent=2139"}],"curies":[{"name":"wp","href":"https:\/\/api.w.org\/{rel}","templated":true}]}}