{"id":2139,"date":"2020-09-14T17:25:24","date_gmt":"2020-09-14T17:25:24","guid":{"rendered":"http:\/\/qamkjpf.cluster030.hosting.ovh.net\/?page_id=2139"},"modified":"2021-10-16T01:44:07","modified_gmt":"2021-10-16T01:44:07","slug":"questions","status":"publish","type":"page","link":"https:\/\/lecigalon.lu\/en\/questions\/","title":{"rendered":"Frequently Asked Questions"},"content":{"rendered":"<div style=\"visibility: hidden; position: absolute; width: 0px; height: 0px;\">\n  <svg xmlns=\"http:\/\/www.w3.org\/2000\/svg\">\n    <symbol viewbox=\"0 0 24 24\" id=\"expand-more\">\n      <path d=\"M16.59 8.59L12 13.17 7.41 8.59 6 10l6 6 6-6z\"\/><path d=\"M0 0h24v24H0z\" fill=\"none\"\/>\n    <\/symbol>\n    <symbol viewbox=\"0 0 24 24\" id=\"close\">\n      <path d=\"M19 6.41L17.59 5 12 10.59 6.41 5 5 6.41 10.59 12 5 17.59 6.41 19 12 13.41 17.59 19 19 17.59 13.41 12z\"\/><path d=\"M0 0h24v24H0z\" fill=\"none\"\/>\n    <\/symbol>\n  <\/svg>\n<\/div>\n<details>\n<summary>\n    Check-in &#038; Check-out<br \/>\n    <svg class=\"control-icon control-icon-expand\" width=\"24\" height=\"24\" role=\"presentation\"><use xmlns:xlink=\"http:\/\/www.w3.org\/1999\/xlink\" xlink:href=\"#expand-more\" \/><\/svg><br \/>\n    <svg class=\"control-icon control-icon-close\" width=\"24\" height=\"24\" role=\"presentation\"><use xmlns:xlink=\"http:\/\/www.w3.org\/1999\/xlink\" xlink:href=\"#close\" \/><\/svg><br \/>\n  <\/summary>\n<p>Check-in starts at 2:00 p.m. and check-out is possible until 11:00 a.m. We ask you to check-in before 6:00 p.m.<\/p>\n<\/details>\n<details>\n<summary>\n    Parking at the hotel<br \/>\n    <svg class=\"control-icon control-icon-expand\" width=\"24\" height=\"24\" role=\"presentation\"><use xmlns:xlink=\"http:\/\/www.w3.org\/1999\/xlink\" xlink:href=\"#expand-more\" \/><\/svg><br \/>\n    <svg class=\"control-icon control-icon-close\" width=\"24\" height=\"24\" role=\"presentation\"><use xmlns:xlink=\"http:\/\/www.w3.org\/1999\/xlink\" xlink:href=\"#close\" \/><\/svg><br \/>\n  <\/summary>\n<p class=\"translation-block\">All our guests can park <em><strong>for free<\/strong><\/em> and there is a garage for bicycles and motorcycles.<\/p>\n<\/details>\n<details>\n<summary>\n    What we offer you<br \/>\n    <svg class=\"control-icon control-icon-expand\" width=\"24\" height=\"24\" role=\"presentation\"><use xmlns:xlink=\"http:\/\/www.w3.org\/1999\/xlink\" xlink:href=\"#expand-more\" \/><\/svg><br \/>\n    <svg class=\"control-icon control-icon-close\" width=\"24\" height=\"24\" role=\"presentation\"><use xmlns:xlink=\"http:\/\/www.w3.org\/1999\/xlink\" xlink:href=\"#close\" \/><\/svg><br \/>\n  <\/summary>\n<p class=\"translation-block\">We offer all our guests <em><strong>free Wi-Fi<\/strong><\/em>.<\/p>\n<\/details>\n<details>\n<summary>\n    Our prices<br \/>\n    <svg class=\"control-icon control-icon-expand\" width=\"24\" height=\"24\" role=\"presentation\"><use xmlns:xlink=\"http:\/\/www.w3.org\/1999\/xlink\" xlink:href=\"#expand-more\" \/><\/svg><br \/>\n    <svg class=\"control-icon control-icon-close\" width=\"24\" height=\"24\" role=\"presentation\"><use xmlns:xlink=\"http:\/\/www.w3.org\/1999\/xlink\" xlink:href=\"#close\" \/><\/svg><br \/>\n  <\/summary>\n<p> Children under 3 stay free at Cigalon. All prices include VAT.<\/p>\n<\/details>\n<details>\n<summary>\n    How to pay?<br \/>\n    <svg class=\"control-icon control-icon-expand\" width=\"24\" height=\"24\" role=\"presentation\"><use xmlns:xlink=\"http:\/\/www.w3.org\/1999\/xlink\" xlink:href=\"#expand-more\" \/><\/svg><br \/>\n    <svg class=\"control-icon control-icon-close\" width=\"24\" height=\"24\" role=\"presentation\"><use xmlns:xlink=\"http:\/\/www.w3.org\/1999\/xlink\" xlink:href=\"#close\" \/><\/svg><br \/>\n  <\/summary>\n<p>At Cigalon, we accept the following credit and debit cards: Visa, Mastercard, Maestro and V PAY.<\/p>\n<\/details>\n<details>\n<summary>\n    Can I bring my pet?<br \/>\n    <svg class=\"control-icon control-icon-expand\" width=\"24\" height=\"24\" role=\"presentation\"><use xmlns:xlink=\"http:\/\/www.w3.org\/1999\/xlink\" xlink:href=\"#expand-more\" \/><\/svg><br \/>\n    <svg class=\"control-icon control-icon-close\" width=\"24\" height=\"24\" role=\"presentation\"><use xmlns:xlink=\"http:\/\/www.w3.org\/1999\/xlink\" xlink:href=\"#close\" \/><\/svg><br \/>\n  <\/summary>\n<p> You can bring your dog to the hotel for an additional charge of EUR 15 per day.<\/p>\n<\/details>\n<details>\n<summary>\n    Our restaurant<br \/>\n    <svg class=\"control-icon control-icon-expand\" width=\"24\" height=\"24\" role=\"presentation\"><use xmlns:xlink=\"http:\/\/www.w3.org\/1999\/xlink\" xlink:href=\"#expand-more\" \/><\/svg><br \/>\n    <svg class=\"control-icon control-icon-close\" width=\"24\" height=\"24\" role=\"presentation\"><use xmlns:xlink=\"http:\/\/www.w3.org\/1999\/xlink\" xlink:href=\"#close\" \/><\/svg><br \/>\n  <\/summary>\n<p>Our restaurant is open from Wednesday to Sunday from 12 PM to 2 PM. On Saturday evening and Sunday afternoon, you can only order our menu (no a la carte). On Mondays and Tuesdays, our restaurant is closed. We offer two different menus: the Restaurant Menu and the Bistro Menu.<\/p>\n<\/details>\n<details>\n<summary>\n    Access for people with reduced mobility<br \/>\n    <svg class=\"control-icon control-icon-expand\" width=\"24\" height=\"24\" role=\"presentation\"><use xmlns:xlink=\"http:\/\/www.w3.org\/1999\/xlink\" xlink:href=\"#expand-more\" \/><\/svg><br \/>\n    <svg class=\"control-icon control-icon-close\" width=\"24\" height=\"24\" role=\"presentation\"><use xmlns:xlink=\"http:\/\/www.w3.org\/1999\/xlink\" xlink:href=\"#close\" \/><\/svg><br \/>\n  <\/summary>\n<p> The hotel as well as the restaurant are adapted to accommodate people using wheelchairs.<\/p>\n<\/details>\n<\/div>","protected":false},"excerpt":{"rendered":"<p>Check-in &#038; Check-out Le check-in commence \u00e0 14h00 et le check-out est possible jusqu\u2019\u00e0 11h00. Nous vous demandons d\u2019effectuer le check-in avant 18h00. Parking de l&rsquo;h\u00f4tel Tous nos clients peuvent se garer gratuitement et il y a un garage pour les v\u00e9los et les motos. Ce que nous offrons \u00e0 l&rsquo;h\u00f4tel Nous offrons \u00e0 tous [&hellip;]<\/p>","protected":false},"author":2,"featured_media":0,"parent":0,"menu_order":0,"comment_status":"closed","ping_status":"closed","template":"","meta":{"_acf_changed":false,"footnotes":""},"class_list":["post-2139","page","type-page","status-publish","hentry"],"acf":[],"yoast_head":"<!-- This site is optimized with the Yoast SEO plugin v26.5 - https:\/\/yoast.com\/wordpress\/plugins\/seo\/ -->\n<title>Questions fr\u00e9quemment pos\u00e9es - H\u00f4tel-Restaurant Le Cigalon<\/title>\n<meta name=\"robots\" content=\"index, follow, max-snippet:-1, max-image-preview:large, max-video-preview:-1\" \/>\n<link rel=\"canonical\" href=\"https:\/\/lecigalon.lu\/en\/questions\/\" \/>\n<meta property=\"og:locale\" content=\"en_GB\" \/>\n<meta property=\"og:type\" content=\"article\" \/>\n<meta property=\"og:title\" content=\"Questions fr\u00e9quemment pos\u00e9es - H\u00f4tel-Restaurant Le Cigalon\" \/>\n<meta property=\"og:description\" content=\"Check-in &#038; Check-out Le check-in commence \u00e0 14h00 et le check-out est possible jusqu\u2019\u00e0 11h00. Nous vous demandons d\u2019effectuer le check-in avant 18h00. Parking de l&rsquo;h\u00f4tel Tous nos clients peuvent se garer gratuitement et il y a un garage pour les v\u00e9los et les motos. Ce que nous offrons \u00e0 l&rsquo;h\u00f4tel Nous offrons \u00e0 tous [&hellip;]\" \/>\n<meta property=\"og:url\" content=\"https:\/\/lecigalon.lu\/en\/questions\/\" \/>\n<meta property=\"og:site_name\" content=\"H\u00f4tel-Restaurant Le Cigalon\" \/>\n<meta property=\"article:publisher\" content=\"https:\/\/www.facebook.com\/LeCigalonMullerthal\" \/>\n<meta property=\"article:modified_time\" content=\"2021-10-16T01:44:07+00:00\" \/>\n<meta name=\"twitter:card\" content=\"summary_large_image\" \/>\n<meta name=\"twitter:label1\" content=\"Estimated reading time\" \/>\n\t<meta name=\"twitter:data1\" content=\"1 minute\" \/>\n<script type=\"application\/ld+json\" class=\"yoast-schema-graph\">{\"@context\":\"https:\/\/schema.org\",\"@graph\":[{\"@type\":\"WebPage\",\"@id\":\"https:\/\/lecigalon.lu\/questions\/\",\"url\":\"https:\/\/lecigalon.lu\/questions\/\",\"name\":\"Questions fr\u00e9quemment pos\u00e9es - H\u00f4tel-Restaurant Le Cigalon\",\"isPartOf\":{\"@id\":\"https:\/\/lecigalon.lu\/#website\"},\"datePublished\":\"2020-09-14T17:25:24+00:00\",\"dateModified\":\"2021-10-16T01:44:07+00:00\",\"breadcrumb\":{\"@id\":\"https:\/\/lecigalon.lu\/questions\/#breadcrumb\"},\"inLanguage\":\"en-GB\",\"potentialAction\":[{\"@type\":\"ReadAction\",\"target\":[\"https:\/\/lecigalon.lu\/questions\/\"]}]},{\"@type\":\"BreadcrumbList\",\"@id\":\"https:\/\/lecigalon.lu\/questions\/#breadcrumb\",\"itemListElement\":[{\"@type\":\"ListItem\",\"position\":1,\"name\":\"Home\",\"item\":\"https:\/\/lecigalon.lu\/\"},{\"@type\":\"ListItem\",\"position\":2,\"name\":\"Questions fr\u00e9quemment pos\u00e9es\"}]},{\"@type\":\"WebSite\",\"@id\":\"https:\/\/lecigalon.lu\/#website\",\"url\":\"https:\/\/lecigalon.lu\/\",\"name\":\"H\u00f4tel-Restaurant Le Cigalon\",\"description\":\"Votre meilleur h\u00f4tel dans le Mullerthal\",\"publisher\":{\"@id\":\"https:\/\/lecigalon.lu\/#organization\"},\"potentialAction\":[{\"@type\":\"SearchAction\",\"target\":{\"@type\":\"EntryPoint\",\"urlTemplate\":\"https:\/\/lecigalon.lu\/?s={search_term_string}\"},\"query-input\":{\"@type\":\"PropertyValueSpecification\",\"valueRequired\":true,\"valueName\":\"search_term_string\"}}],\"inLanguage\":\"en-GB\"},{\"@type\":\"Organization\",\"@id\":\"https:\/\/lecigalon.lu\/#organization\",\"name\":\"H\u00f4tel-Restaurant Le Cigalon\",\"url\":\"https:\/\/lecigalon.lu\/\",\"logo\":{\"@type\":\"ImageObject\",\"inLanguage\":\"en-GB\",\"@id\":\"https:\/\/lecigalon.lu\/#\/schema\/logo\/image\/\",\"url\":\"https:\/\/lecigalon.lu\/wp-content\/uploads\/2021\/03\/CIGALON_Stars-1.jpg\",\"contentUrl\":\"https:\/\/lecigalon.lu\/wp-content\/uploads\/2021\/03\/CIGALON_Stars-1.jpg\",\"width\":1000,\"height\":596,\"caption\":\"H\u00f4tel-Restaurant Le Cigalon\"},\"image\":{\"@id\":\"https:\/\/lecigalon.lu\/#\/schema\/logo\/image\/\"},\"sameAs\":[\"https:\/\/www.facebook.com\/LeCigalonMullerthal\",\"https:\/\/www.instagram.com\/lecigalon_mullerthal\"]}]}<\/script>\n<!-- \/ Yoast SEO plugin. -->","yoast_head_json":{"title":"Questions fr\u00e9quemment pos\u00e9es - H\u00f4tel-Restaurant Le Cigalon","robots":{"index":"index","follow":"follow","max-snippet":"max-snippet:-1","max-image-preview":"max-image-preview:large","max-video-preview":"max-video-preview:-1"},"canonical":"https:\/\/lecigalon.lu\/en\/questions\/","og_locale":"en_GB","og_type":"article","og_title":"Questions fr\u00e9quemment pos\u00e9es - H\u00f4tel-Restaurant Le Cigalon","og_description":"Check-in &#038; Check-out Le check-in commence \u00e0 14h00 et le check-out est possible jusqu\u2019\u00e0 11h00. Nous vous demandons d\u2019effectuer le check-in avant 18h00. Parking de l&rsquo;h\u00f4tel Tous nos clients peuvent se garer gratuitement et il y a un garage pour les v\u00e9los et les motos. Ce que nous offrons \u00e0 l&rsquo;h\u00f4tel Nous offrons \u00e0 tous [&hellip;]","og_url":"https:\/\/lecigalon.lu\/en\/questions\/","og_site_name":"H\u00f4tel-Restaurant Le Cigalon","article_publisher":"https:\/\/www.facebook.com\/LeCigalonMullerthal","article_modified_time":"2021-10-16T01:44:07+00:00","twitter_card":"summary_large_image","twitter_misc":{"Estimated reading time":"1 minute"},"schema":{"@context":"https:\/\/schema.org","@graph":[{"@type":"WebPage","@id":"https:\/\/lecigalon.lu\/questions\/","url":"https:\/\/lecigalon.lu\/questions\/","name":"Questions fr\u00e9quemment pos\u00e9es - H\u00f4tel-Restaurant Le Cigalon","isPartOf":{"@id":"https:\/\/lecigalon.lu\/#website"},"datePublished":"2020-09-14T17:25:24+00:00","dateModified":"2021-10-16T01:44:07+00:00","breadcrumb":{"@id":"https:\/\/lecigalon.lu\/questions\/#breadcrumb"},"inLanguage":"en-GB","potentialAction":[{"@type":"ReadAction","target":["https:\/\/lecigalon.lu\/questions\/"]}]},{"@type":"BreadcrumbList","@id":"https:\/\/lecigalon.lu\/questions\/#breadcrumb","itemListElement":[{"@type":"ListItem","position":1,"name":"Home","item":"https:\/\/lecigalon.lu\/"},{"@type":"ListItem","position":2,"name":"Questions fr\u00e9quemment pos\u00e9es"}]},{"@type":"WebSite","@id":"https:\/\/lecigalon.lu\/#website","url":"https:\/\/lecigalon.lu\/","name":"H\u00f4tel-Restaurant Le Cigalon","description":"Votre meilleur h\u00f4tel dans le Mullerthal","publisher":{"@id":"https:\/\/lecigalon.lu\/#organization"},"potentialAction":[{"@type":"SearchAction","target":{"@type":"EntryPoint","urlTemplate":"https:\/\/lecigalon.lu\/?s={search_term_string}"},"query-input":{"@type":"PropertyValueSpecification","valueRequired":true,"valueName":"search_term_string"}}],"inLanguage":"en-GB"},{"@type":"Organization","@id":"https:\/\/lecigalon.lu\/#organization","name":"H\u00f4tel-Restaurant Le Cigalon","url":"https:\/\/lecigalon.lu\/","logo":{"@type":"ImageObject","inLanguage":"en-GB","@id":"https:\/\/lecigalon.lu\/#\/schema\/logo\/image\/","url":"https:\/\/lecigalon.lu\/wp-content\/uploads\/2021\/03\/CIGALON_Stars-1.jpg","contentUrl":"https:\/\/lecigalon.lu\/wp-content\/uploads\/2021\/03\/CIGALON_Stars-1.jpg","width":1000,"height":596,"caption":"H\u00f4tel-Restaurant Le Cigalon"},"image":{"@id":"https:\/\/lecigalon.lu\/#\/schema\/logo\/image\/"},"sameAs":["https:\/\/www.facebook.com\/LeCigalonMullerthal","https:\/\/www.instagram.com\/lecigalon_mullerthal"]}]}},"_links":{"self":[{"href":"https:\/\/lecigalon.lu\/en\/wp-json\/wp\/v2\/pages\/2139","targetHints":{"allow":["GET"]}}],"collection":[{"href":"https:\/\/lecigalon.lu\/en\/wp-json\/wp\/v2\/pages"}],"about":[{"href":"https:\/\/lecigalon.lu\/en\/wp-json\/wp\/v2\/types\/page"}],"author":[{"embeddable":true,"href":"https:\/\/lecigalon.lu\/en\/wp-json\/wp\/v2\/users\/2"}],"replies":[{"embeddable":true,"href":"https:\/\/lecigalon.lu\/en\/wp-json\/wp\/v2\/comments?post=2139"}],"version-history":[{"count":16,"href":"https:\/\/lecigalon.lu\/en\/wp-json\/wp\/v2\/pages\/2139\/revisions"}],"predecessor-version":[{"id":3431,"href":"https:\/\/lecigalon.lu\/en\/wp-json\/wp\/v2\/pages\/2139\/revisions\/3431"}],"wp:attachment":[{"href":"https:\/\/lecigalon.lu\/en\/wp-json\/wp\/v2\/media?parent=2139"}],"curies":[{"name":"wp","href":"https:\/\/api.w.org\/{rel}","templated":true}]}}