{"id":3,"date":"2019-04-13T06:47:18","date_gmt":"2019-04-13T06:47:18","guid":{"rendered":"http:\/\/localhost\/freshword\/?page_id=3"},"modified":"2021-04-19T21:42:28","modified_gmt":"2021-04-19T21:42:28","slug":"politique-de-confidentialite","status":"publish","type":"page","link":"https:\/\/lecigalon.lu\/en\/politique-de-confidentialite\/","title":{"rendered":"Politique de Confidentialit\u00e9"},"content":{"rendered":"<p>L&rsquo;H\u00f4tel Le Cigalon a pour objectif d&rsquo;\u00eatre enti\u00e8rement conforme \u00e0 la r\u00e9glementation RGPD. Nous recueillons des informations de cookies sur nos visiteurs pour les raisons suivantes :<\/p>\n<ul style=\"list-style-type: none; padding-left: 30px; padding-bottom: 15px;\">\n<li>\u2013 des fins statistiques pour savoir combien d&rsquo;utilisateurs nous avons et \u00e0 quelle fr\u00e9quence vous visitez notre site web.<\/li>\n<li>\u2013 collecte d&rsquo;informations pour surveiller le comportement sur le site et am\u00e9liorer nos services.<\/li>\n<\/ul>\n<p>Nous ne surveillons pas les sch\u00e9mas de trafic individuels sur notre site et nous ferons tout notre possible pour respecter votre vie priv\u00e9e.<\/p>\n<h3 style=\"padding: 10px 0;\">Collecting of information<\/h3>\n<p>Nous recueillons des informations sur nos utilisateurs par le biais de Google Analytics et lorsque vous vous inscrivez \u00e0 notre newsletter. Si vous vous \u00eates inscrit \u00e0 notre newsletter dans le pass\u00e9 ou \u00e0 l&rsquo;avenir, ou si vous nous avez donn\u00e9 votre adresse \u00e9lectronique pour une autre raison, nous ne vendrons ni ne transmettrons vos coordonn\u00e9es \u00e0 aucune autre soci\u00e9t\u00e9.<\/p>\n<h3 style=\"padding: 10px 0;\">Comment prot\u00e9geons-nous vos informations ?<\/h3>\n<p>Vos informations personnelles sont contenues derri\u00e8re des r\u00e9seaux s\u00e9curis\u00e9s et ne sont accessibles qu&rsquo;\u00e0 un nombre limit\u00e9 de personnes qui disposent de droits d&rsquo;acc\u00e8s sp\u00e9ciaux \u00e0 ces syst\u00e8mes et sont tenues de pr\u00e9server la confidentialit\u00e9 des informations. En outre, toutes les informations que vous fournissez sont crypt\u00e9es via la technologie Secure Socket Layer (SSL). Nous mettons en \u0153uvre diverses mesures de s\u00e9curit\u00e9 lorsqu&rsquo;un utilisateur saisit, soumet ou acc\u00e8de \u00e0 ses informations afin de pr\u00e9server la s\u00e9curit\u00e9 de vos informations personnelles. Cependant, aucune transmission de donn\u00e9es en ligne ne peut \u00eatre garantie comme \u00e9tant 100% s\u00fbre.<\/p>\n<h3 style=\"padding: 10px 0;\">Qu&rsquo;est-ce qu&rsquo;un cookie ?<\/h3>\n<p>Un cookie est un petit fichier texte contenant des donn\u00e9es stock\u00e9es par votre navigateur sur votre ordinateur. Si vous visitez le site web une autre fois, un cookie permet de s&rsquo;assurer que votre navigateur est reconnu. Par exemple, vos param\u00e8tres de connexion peuvent \u00eatre conserv\u00e9s ou le site web affiche plus clairement les informations susceptibles de vous int\u00e9resser. Les cookies peuvent \u00e9galement \u00eatre utilis\u00e9s \u00e0 des fins statistiques. Les cookies sont toujours anonymes et vos informations personnelles ne seront pas connues avant que vous ne les quittiez.<\/p>\n<h3 style=\"padding: 10px 0;\">Tiers<\/h3>\n<p>Les annonceurs tiers tels que Google Analytics, Facebook Pixels ou Sendinblue g\u00e9n\u00e8rent des cookies statistiques pour suivre les impressions publicitaires et les conversions. L&rsquo;utilisation de cookies par des tiers est soumise aux politiques de confidentialit\u00e9 et de cookies propres \u00e0 ces soci\u00e9t\u00e9s. Pour en savoir plus sur <a href=\"https:\/\/policies.google.com\/privacy?hl=en\" target=\"_blank\" rel=\"noopener noreferrer\">Google\u2019s privacy policy<\/a>, suivez le lien. Voici \u00e9galement une extension Chrome que Google a d\u00e9velopp\u00e9e pour pouvoir se d\u00e9sengager de son programme Analytics : <a href=\"https:\/\/tools.google.com\/dlpage\/gaoptout?hl=en\" target=\"_blank\" rel=\"noopener noreferrer\">tools.google.com\/dlpage\/gaoptout?hl=en<\/a>.<\/p>\n<h3 style=\"padding: 10px 0;\">Comment se d\u00e9sengager ?<\/h3>\n<p>Les lecteurs peuvent refuser la publicit\u00e9 comportementale en ligne en utilisant les m\u00e9thodes suivantes : Utiliser l&rsquo;outil de d\u00e9sactivation des choix en ligne propos\u00e9 sur le site <a href=\"https:\/\/www.youronlinechoices.com\/opt-out-interface\" target=\"_blank\" rel=\"noopener noreferrer\">www.youronlinechoices.com\/opt-out<\/a>. Modifiez les param\u00e8tres du navigateur de votre ordinateur pour bloquer, supprimer et\/ou contr\u00f4ler l&rsquo;utilisation de tous les cookies tiers. Reportez-vous \u00e0 la documentation du navigateur web de votre ordinateur pour plus d&rsquo;informations.<\/p>\n<h3 style=\"padding: 10px 0;\">M\u00e9dias sociaux<\/h3>\n<p>Sur le site du Cigalon, vous pouvez partager des informations via les m\u00e9dias sociaux, gr\u00e2ce aux boutons de m\u00e9dias sociaux disponibles. Les m\u00e9dias sociaux concern\u00e9s peuvent placer des cookies via ces boutons. Nous n&rsquo;avons aucune influence sur l&rsquo;utilisation de ces cookies par ces parties. Elles sont responsables de l&rsquo;utilisation et de la fourniture des donn\u00e9es obtenues de cette mani\u00e8re. La politique de confidentialit\u00e9 et les conditions g\u00e9n\u00e9rales des plateformes de m\u00e9dias sociaux concern\u00e9es s&rsquo;appliquent \u00e0 cette utilisation. Retrouvez ci-dessous les politiques de confidentialit\u00e9 des plateformes de m\u00e9dias sociaux concern\u00e9es :<\/p>\n<ul style=\"padding: 0 0 15px 30px; list-style-type: none;\">\n<li><a href=\"https:\/\/www.facebook.com\/policy.php\" target=\"_blank\" rel=\"noopener noreferrer\">\u2013\u00a0Facebook<\/a><\/li>\n<\/ul>\n<h3 style=\"padding: 10px 0;\">FAQs<\/h3>\n<p>Si vous avez des questions concernant notre d\u00e9claration de confidentialit\u00e9 ou l&rsquo;utilisation de vos informations, vous pouvez nous contacter directement \u00e0 l&rsquo;adresse \u00e9lectronique suivante : <a href=\"mailto: lecigalon@pt.lu\">lecigalon@pt.lu<\/a>.<\/p>","protected":false},"excerpt":{"rendered":"<p>L&rsquo;H\u00f4tel Le Cigalon a pour objectif d&rsquo;\u00eatre enti\u00e8rement conforme \u00e0 la r\u00e9glementation RGPD. Nous recueillons des informations de cookies sur nos visiteurs pour les raisons suivantes : \u2013 des fins statistiques pour savoir combien d&rsquo;utilisateurs nous avons et \u00e0 quelle fr\u00e9quence vous visitez notre site web. \u2013 collecte d&rsquo;informations pour surveiller le comportement sur le [&hellip;]<\/p>","protected":false},"author":2,"featured_media":0,"parent":0,"menu_order":0,"comment_status":"closed","ping_status":"open","template":"","meta":{"_acf_changed":false,"footnotes":""},"class_list":["post-3","page","type-page","status-publish","hentry"],"acf":[],"yoast_head":"<!-- This site is optimized with the Yoast SEO plugin v26.5 - https:\/\/yoast.com\/wordpress\/plugins\/seo\/ -->\n<title>Politique de Confidentialit\u00e9 - H\u00f4tel-Restaurant Le Cigalon<\/title>\n<meta name=\"robots\" content=\"index, follow, max-snippet:-1, max-image-preview:large, max-video-preview:-1\" \/>\n<link rel=\"canonical\" href=\"https:\/\/lecigalon.lu\/en\/politique-de-confidentialite\/\" \/>\n<meta property=\"og:locale\" content=\"en_GB\" \/>\n<meta property=\"og:type\" content=\"article\" \/>\n<meta property=\"og:title\" content=\"Politique de Confidentialit\u00e9 - H\u00f4tel-Restaurant Le Cigalon\" \/>\n<meta property=\"og:description\" content=\"L&rsquo;H\u00f4tel Le Cigalon a pour objectif d&rsquo;\u00eatre enti\u00e8rement conforme \u00e0 la r\u00e9glementation RGPD. Nous recueillons des informations de cookies sur nos visiteurs pour les raisons suivantes : \u2013 des fins statistiques pour savoir combien d&rsquo;utilisateurs nous avons et \u00e0 quelle fr\u00e9quence vous visitez notre site web. \u2013 collecte d&rsquo;informations pour surveiller le comportement sur le [&hellip;]\" \/>\n<meta property=\"og:url\" content=\"https:\/\/lecigalon.lu\/en\/politique-de-confidentialite\/\" \/>\n<meta property=\"og:site_name\" content=\"H\u00f4tel-Restaurant Le Cigalon\" \/>\n<meta property=\"article:publisher\" content=\"https:\/\/www.facebook.com\/LeCigalonMullerthal\" \/>\n<meta property=\"article:modified_time\" content=\"2021-04-19T21:42:28+00:00\" \/>\n<meta name=\"twitter:card\" content=\"summary_large_image\" \/>\n<meta name=\"twitter:label1\" content=\"Estimated reading time\" \/>\n\t<meta name=\"twitter:data1\" content=\"3 minutes\" \/>\n<script type=\"application\/ld+json\" class=\"yoast-schema-graph\">{\"@context\":\"https:\/\/schema.org\",\"@graph\":[{\"@type\":\"WebPage\",\"@id\":\"https:\/\/lecigalon.lu\/politique-de-confidentialite\/\",\"url\":\"https:\/\/lecigalon.lu\/politique-de-confidentialite\/\",\"name\":\"Politique de Confidentialit\u00e9 - H\u00f4tel-Restaurant Le Cigalon\",\"isPartOf\":{\"@id\":\"https:\/\/lecigalon.lu\/#website\"},\"datePublished\":\"2019-04-13T06:47:18+00:00\",\"dateModified\":\"2021-04-19T21:42:28+00:00\",\"breadcrumb\":{\"@id\":\"https:\/\/lecigalon.lu\/politique-de-confidentialite\/#breadcrumb\"},\"inLanguage\":\"en-GB\",\"potentialAction\":[{\"@type\":\"ReadAction\",\"target\":[\"https:\/\/lecigalon.lu\/politique-de-confidentialite\/\"]}]},{\"@type\":\"BreadcrumbList\",\"@id\":\"https:\/\/lecigalon.lu\/politique-de-confidentialite\/#breadcrumb\",\"itemListElement\":[{\"@type\":\"ListItem\",\"position\":1,\"name\":\"Home\",\"item\":\"https:\/\/lecigalon.lu\/\"},{\"@type\":\"ListItem\",\"position\":2,\"name\":\"Politique de Confidentialit\u00e9\"}]},{\"@type\":\"WebSite\",\"@id\":\"https:\/\/lecigalon.lu\/#website\",\"url\":\"https:\/\/lecigalon.lu\/\",\"name\":\"H\u00f4tel-Restaurant Le Cigalon\",\"description\":\"Votre meilleur h\u00f4tel dans le Mullerthal\",\"publisher\":{\"@id\":\"https:\/\/lecigalon.lu\/#organization\"},\"potentialAction\":[{\"@type\":\"SearchAction\",\"target\":{\"@type\":\"EntryPoint\",\"urlTemplate\":\"https:\/\/lecigalon.lu\/?s={search_term_string}\"},\"query-input\":{\"@type\":\"PropertyValueSpecification\",\"valueRequired\":true,\"valueName\":\"search_term_string\"}}],\"inLanguage\":\"en-GB\"},{\"@type\":\"Organization\",\"@id\":\"https:\/\/lecigalon.lu\/#organization\",\"name\":\"H\u00f4tel-Restaurant Le Cigalon\",\"url\":\"https:\/\/lecigalon.lu\/\",\"logo\":{\"@type\":\"ImageObject\",\"inLanguage\":\"en-GB\",\"@id\":\"https:\/\/lecigalon.lu\/#\/schema\/logo\/image\/\",\"url\":\"https:\/\/lecigalon.lu\/wp-content\/uploads\/2021\/03\/CIGALON_Stars-1.jpg\",\"contentUrl\":\"https:\/\/lecigalon.lu\/wp-content\/uploads\/2021\/03\/CIGALON_Stars-1.jpg\",\"width\":1000,\"height\":596,\"caption\":\"H\u00f4tel-Restaurant Le Cigalon\"},\"image\":{\"@id\":\"https:\/\/lecigalon.lu\/#\/schema\/logo\/image\/\"},\"sameAs\":[\"https:\/\/www.facebook.com\/LeCigalonMullerthal\",\"https:\/\/www.instagram.com\/lecigalon_mullerthal\"]}]}<\/script>\n<!-- \/ Yoast SEO plugin. -->","yoast_head_json":{"title":"Politique de Confidentialit\u00e9 - H\u00f4tel-Restaurant Le Cigalon","robots":{"index":"index","follow":"follow","max-snippet":"max-snippet:-1","max-image-preview":"max-image-preview:large","max-video-preview":"max-video-preview:-1"},"canonical":"https:\/\/lecigalon.lu\/en\/politique-de-confidentialite\/","og_locale":"en_GB","og_type":"article","og_title":"Politique de Confidentialit\u00e9 - H\u00f4tel-Restaurant Le Cigalon","og_description":"L&rsquo;H\u00f4tel Le Cigalon a pour objectif d&rsquo;\u00eatre enti\u00e8rement conforme \u00e0 la r\u00e9glementation RGPD. Nous recueillons des informations de cookies sur nos visiteurs pour les raisons suivantes : \u2013 des fins statistiques pour savoir combien d&rsquo;utilisateurs nous avons et \u00e0 quelle fr\u00e9quence vous visitez notre site web. \u2013 collecte d&rsquo;informations pour surveiller le comportement sur le [&hellip;]","og_url":"https:\/\/lecigalon.lu\/en\/politique-de-confidentialite\/","og_site_name":"H\u00f4tel-Restaurant Le Cigalon","article_publisher":"https:\/\/www.facebook.com\/LeCigalonMullerthal","article_modified_time":"2021-04-19T21:42:28+00:00","twitter_card":"summary_large_image","twitter_misc":{"Estimated reading time":"3 minutes"},"schema":{"@context":"https:\/\/schema.org","@graph":[{"@type":"WebPage","@id":"https:\/\/lecigalon.lu\/politique-de-confidentialite\/","url":"https:\/\/lecigalon.lu\/politique-de-confidentialite\/","name":"Politique de Confidentialit\u00e9 - H\u00f4tel-Restaurant Le Cigalon","isPartOf":{"@id":"https:\/\/lecigalon.lu\/#website"},"datePublished":"2019-04-13T06:47:18+00:00","dateModified":"2021-04-19T21:42:28+00:00","breadcrumb":{"@id":"https:\/\/lecigalon.lu\/politique-de-confidentialite\/#breadcrumb"},"inLanguage":"en-GB","potentialAction":[{"@type":"ReadAction","target":["https:\/\/lecigalon.lu\/politique-de-confidentialite\/"]}]},{"@type":"BreadcrumbList","@id":"https:\/\/lecigalon.lu\/politique-de-confidentialite\/#breadcrumb","itemListElement":[{"@type":"ListItem","position":1,"name":"Home","item":"https:\/\/lecigalon.lu\/"},{"@type":"ListItem","position":2,"name":"Politique de Confidentialit\u00e9"}]},{"@type":"WebSite","@id":"https:\/\/lecigalon.lu\/#website","url":"https:\/\/lecigalon.lu\/","name":"H\u00f4tel-Restaurant Le Cigalon","description":"Votre meilleur h\u00f4tel dans le Mullerthal","publisher":{"@id":"https:\/\/lecigalon.lu\/#organization"},"potentialAction":[{"@type":"SearchAction","target":{"@type":"EntryPoint","urlTemplate":"https:\/\/lecigalon.lu\/?s={search_term_string}"},"query-input":{"@type":"PropertyValueSpecification","valueRequired":true,"valueName":"search_term_string"}}],"inLanguage":"en-GB"},{"@type":"Organization","@id":"https:\/\/lecigalon.lu\/#organization","name":"H\u00f4tel-Restaurant Le Cigalon","url":"https:\/\/lecigalon.lu\/","logo":{"@type":"ImageObject","inLanguage":"en-GB","@id":"https:\/\/lecigalon.lu\/#\/schema\/logo\/image\/","url":"https:\/\/lecigalon.lu\/wp-content\/uploads\/2021\/03\/CIGALON_Stars-1.jpg","contentUrl":"https:\/\/lecigalon.lu\/wp-content\/uploads\/2021\/03\/CIGALON_Stars-1.jpg","width":1000,"height":596,"caption":"H\u00f4tel-Restaurant Le Cigalon"},"image":{"@id":"https:\/\/lecigalon.lu\/#\/schema\/logo\/image\/"},"sameAs":["https:\/\/www.facebook.com\/LeCigalonMullerthal","https:\/\/www.instagram.com\/lecigalon_mullerthal"]}]}},"_links":{"self":[{"href":"https:\/\/lecigalon.lu\/en\/wp-json\/wp\/v2\/pages\/3","targetHints":{"allow":["GET"]}}],"collection":[{"href":"https:\/\/lecigalon.lu\/en\/wp-json\/wp\/v2\/pages"}],"about":[{"href":"https:\/\/lecigalon.lu\/en\/wp-json\/wp\/v2\/types\/page"}],"author":[{"embeddable":true,"href":"https:\/\/lecigalon.lu\/en\/wp-json\/wp\/v2\/users\/2"}],"replies":[{"embeddable":true,"href":"https:\/\/lecigalon.lu\/en\/wp-json\/wp\/v2\/comments?post=3"}],"version-history":[{"count":17,"href":"https:\/\/lecigalon.lu\/en\/wp-json\/wp\/v2\/pages\/3\/revisions"}],"predecessor-version":[{"id":3121,"href":"https:\/\/lecigalon.lu\/en\/wp-json\/wp\/v2\/pages\/3\/revisions\/3121"}],"wp:attachment":[{"href":"https:\/\/lecigalon.lu\/en\/wp-json\/wp\/v2\/media?parent=3"}],"curies":[{"name":"wp","href":"https:\/\/api.w.org\/{rel}","templated":true}]}}