{"id":513,"date":"2019-04-26T07:42:02","date_gmt":"2019-04-26T07:42:02","guid":{"rendered":"http:\/\/qamkjpf.cluster030.hosting.ovh.net\/?page_id=513"},"modified":"2021-07-02T13:45:16","modified_gmt":"2021-07-02T13:45:16","slug":"impressum","status":"publish","type":"page","link":"https:\/\/lecigalon.lu\/en\/impressum\/","title":{"rendered":"Impressum"},"content":{"rendered":"<h3 style=\"padding: 10px 0;\">La soci\u00e9t\u00e9 :<\/h3>\n<address style=\"padding: 10px 0;\"><strong>H\u00f4tel-Restaurant Le Cigalon<\/strong><br \/>\n1 Rue de l\u2019Ernz Noire,<br \/>\nL-6245 Mullerthal<br \/>\n<\/address>\n<h3 style=\"padding: 10px 0;\">Contact :<\/h3>\n<p>Telephone:\u00a0<a href=\"tel:+352799495\">+352 79 94 95<\/a><br \/>\nFax :\u00a0+352 79 93 83<br \/>\nEmail:\u00a0<a href=\"mailto:lecigalon@pt.lu\">lecigalon@pt.lu<\/a><br \/>\nWebsite:\u00a0<a href=\"http:\/\/qamkjpf.cluster030.hosting.ovh.net\/\">lecigalon.lu<\/a><\/p>\n<h3 style=\"padding: 10px 0;\">D\u00e9charge de responsabilit\u00e9 :<\/h3>\n<h3 style=\"padding: 10px 0;\">Responsabilit\u00e9 du contenu :<\/h3>\n<p style=\"padding-bottom: 10px;\">Les contenus de nos pages ont \u00e9t\u00e9 cr\u00e9\u00e9s avec le plus grand soin. Cependant, nous ne pouvons pas garantir l&rsquo;exactitude, l&rsquo;exhaustivit\u00e9 et l&rsquo;actualit\u00e9 du contenu. En tant que prestataire de services, nous sommes responsables de nos propres contenus sur ces pages conform\u00e9ment aux lois g\u00e9n\u00e9rales. Toutefois, nous ne sommes pas tenus de surveiller les informations transmises ou stock\u00e9es par des tiers ou d&rsquo;enqu\u00eater sur des circonstances qui indiquent une activit\u00e9 ill\u00e9gale. Les obligations de supprimer ou de bloquer l&rsquo;utilisation d&rsquo;informations en vertu du droit g\u00e9n\u00e9ral ne sont pas affect\u00e9es. Cependant, la responsabilit\u00e9 \u00e0 cet \u00e9gard n&rsquo;est possible qu&rsquo;\u00e0 partir du moment o\u00f9 l&rsquo;on a connaissance d&rsquo;une infraction sp\u00e9cifique. D\u00e8s la notification d&rsquo;infractions appropri\u00e9es, nous supprimerons imm\u00e9diatement ces contenus.<\/p>\n<p>Notre site Web a \u00e9t\u00e9 cr\u00e9\u00e9 en collaboration avec Regi\u00d4tels, une soci\u00e9t\u00e9 qui aide les petits et moyens h\u00f4tels ind\u00e9pendants en termes de marketing num\u00e9rique, de revenu management et de ventes et marketing. Si vous souhaitez en savoir plus sur leurs services, veuillez consulter leur site Web (<a href=\"https:\/\/www.regiotels.com\" target=\"_blank\" rel=\"noreferrer noopener\">regiotels.com<\/a>) ou les contacter directement \u00e0 l&rsquo;adresse \u00e9lectronique suivante : <a href=\"mailto:info@regiotels.com\">info@regiotels.com<\/a>.<\/p>\n<h3 style=\"padding: 10px 0;\">Liability for links:<\/h3>\n<p style=\"padding: 10px 0;\">Notre site web contient des liens vers des sites web externes de tiers sur le contenu desquels nous n&rsquo;avons aucune influence. Par cons\u00e9quent, nous ne pouvons assumer aucune responsabilit\u00e9 pour ces contenus externes. La responsabilit\u00e9 du contenu des pages li\u00e9es incombe toujours au fournisseur ou \u00e0 l&rsquo;exploitant respectif de ces pages. Les pages li\u00e9es ont \u00e9t\u00e9 contr\u00f4l\u00e9es au moment de la mise en place du lien quant \u00e0 d&rsquo;\u00e9ventuelles violations de la loi. Les contenus ill\u00e9gaux n&rsquo;\u00e9taient pas reconnaissables au moment de la cr\u00e9ation du lien. Cependant, un contr\u00f4le permanent du contenu des pages li\u00e9es n&rsquo;est pas raisonnable sans preuve concr\u00e8te d&rsquo;une violation de la loi. En cas de notification de violations, nous supprimerons imm\u00e9diatement ces liens.<\/p>\n<h3 style=\"padding: 10px 0;\">Copyright:<\/h3>\n<p style=\"padding: 10px 0;\">Les contenus et les \u0153uvres de ces pages cr\u00e9\u00e9s par les op\u00e9rateurs du site sont soumis au droit d&rsquo;auteur luxembourgeois. La reproduction, le traitement, la diffusion et toute forme d&rsquo;exploitation en dehors des limites du droit d&rsquo;auteur n\u00e9cessitent l&rsquo;accord \u00e9crit de l&rsquo;auteur ou du cr\u00e9ateur respectif. Les t\u00e9l\u00e9chargements et les copies de cette page et de son contenu ne sont pas autoris\u00e9s. Dans la mesure o\u00f9 les contenus de ce site n&rsquo;ont pas \u00e9t\u00e9 cr\u00e9\u00e9s par l&rsquo;op\u00e9rateur, les droits d&rsquo;auteur de tiers sont pris en compte. En particulier, les contenus de tiers sont marqu\u00e9s comme tels. Si vous avez connaissance d&rsquo;une violation des droits d&rsquo;auteur, nous vous demandons de nous en informer. D\u00e8s la notification des violations, nous supprimerons imm\u00e9diatement ces contenus.<\/p>\n<h3 style=\"padding: 10px 0;\">Liability for photos:<\/h3>\n<p style=\"padding: 10px 0;\"> Toutes les photos de ce site Web ont \u00e9t\u00e9 prises par un photographe professionnel mandat\u00e9 par Regi\u00d4tels ou ont \u00e9t\u00e9 prises par l&rsquo;h\u00f4tel lui-m\u00eame. Pour toute question concernant la licence des images ou autre, nous vous prions de contacter Regi\u00d4tels \u00e0 l&rsquo;adresse \u00e9lectronique suivante : <a href=\"mailto:info@regiotels.com\">info@regiotels.com<\/a>.<\/p>\n<p style=\"padding: 10px 0;\"> Certaines photos ont \u00e9galement \u00e9t\u00e9 prises sur les sites web suivants : <a href=\"https:\/\/www.pexels.com\/\" target=\"_blank\" rel=\"noreferrer noopener\">Pexels<\/a>, <a href=\"https:\/\/unsplash.com\/\" target=\"_blank\" rel=\"noreferrer noopener\">Unsplash<\/a>, <a href=\"https:\/\/www.wikipedia.org\/\" target=\"_blank\" rel=\"noreferrer noopener\">Wikipedia<\/a>, <a href=\"https:\/\/www.mullerthal.lu\/\" target=\"_blank\" rel=\"noreferrer noopener\">et le site officiel de Mullerthal<\/a>.<\/p>\n<h3 style=\"padding: 10px 0;\">Liability for icons:<\/h3>\n<p>Les ic\u00f4nes ont \u00e9t\u00e9 prises sur <a href=\"https:\/\/www.flaticon.com\/\" target=\"_blank\" rel=\"noreferrer noopener\">Flaticons<\/a>.<\/p>\n<\/div>","protected":false},"excerpt":{"rendered":"<p>La soci\u00e9t\u00e9 : H\u00f4tel-Restaurant Le Cigalon 1 Rue de l\u2019Ernz Noire, L-6245 Mullerthal Contact : Telephone:\u00a0+352 79 94 95 Fax :\u00a0+352 79 93 83 E-mail :\u00a0lecigalon@pt.lu Site Web :\u00a0lecigalon.lu D\u00e9charge de responsabilit\u00e9 : Responsabilit\u00e9 du contenu : Les contenus de nos pages ont \u00e9t\u00e9 cr\u00e9\u00e9s avec le plus grand soin. Cependant, nous ne pouvons pas [&hellip;]<\/p>","protected":false},"author":2,"featured_media":0,"parent":0,"menu_order":0,"comment_status":"closed","ping_status":"closed","template":"","meta":{"_acf_changed":false,"footnotes":""},"class_list":["post-513","page","type-page","status-publish","hentry"],"acf":[],"yoast_head":"<!-- This site is optimized with the Yoast SEO plugin v26.5 - https:\/\/yoast.com\/wordpress\/plugins\/seo\/ -->\n<title>Impressum - H\u00f4tel-Restaurant Le Cigalon<\/title>\n<meta name=\"robots\" content=\"index, follow, max-snippet:-1, max-image-preview:large, max-video-preview:-1\" \/>\n<link rel=\"canonical\" href=\"https:\/\/lecigalon.lu\/en\/impressum\/\" \/>\n<meta property=\"og:locale\" content=\"en_GB\" \/>\n<meta property=\"og:type\" content=\"article\" \/>\n<meta property=\"og:title\" content=\"Impressum - H\u00f4tel-Restaurant Le Cigalon\" \/>\n<meta property=\"og:description\" content=\"La soci\u00e9t\u00e9 : H\u00f4tel-Restaurant Le Cigalon 1 Rue de l\u2019Ernz Noire, L-6245 Mullerthal Contact : Telephone:\u00a0+352 79 94 95 Fax :\u00a0+352 79 93 83 E-mail :\u00a0lecigalon@pt.lu Site Web :\u00a0lecigalon.lu D\u00e9charge de responsabilit\u00e9 : Responsabilit\u00e9 du contenu : Les contenus de nos pages ont \u00e9t\u00e9 cr\u00e9\u00e9s avec le plus grand soin. Cependant, nous ne pouvons pas [&hellip;]\" \/>\n<meta property=\"og:url\" content=\"https:\/\/lecigalon.lu\/en\/impressum\/\" \/>\n<meta property=\"og:site_name\" content=\"H\u00f4tel-Restaurant Le Cigalon\" \/>\n<meta property=\"article:publisher\" content=\"https:\/\/www.facebook.com\/LeCigalonMullerthal\" \/>\n<meta property=\"article:modified_time\" content=\"2021-07-02T13:45:16+00:00\" \/>\n<meta name=\"twitter:card\" content=\"summary_large_image\" \/>\n<meta name=\"twitter:label1\" content=\"Estimated reading time\" \/>\n\t<meta name=\"twitter:data1\" content=\"3 minutes\" \/>\n<script type=\"application\/ld+json\" class=\"yoast-schema-graph\">{\"@context\":\"https:\/\/schema.org\",\"@graph\":[{\"@type\":\"WebPage\",\"@id\":\"https:\/\/lecigalon.lu\/impressum\/\",\"url\":\"https:\/\/lecigalon.lu\/impressum\/\",\"name\":\"Impressum - H\u00f4tel-Restaurant Le Cigalon\",\"isPartOf\":{\"@id\":\"https:\/\/lecigalon.lu\/#website\"},\"datePublished\":\"2019-04-26T07:42:02+00:00\",\"dateModified\":\"2021-07-02T13:45:16+00:00\",\"breadcrumb\":{\"@id\":\"https:\/\/lecigalon.lu\/impressum\/#breadcrumb\"},\"inLanguage\":\"en-GB\",\"potentialAction\":[{\"@type\":\"ReadAction\",\"target\":[\"https:\/\/lecigalon.lu\/impressum\/\"]}]},{\"@type\":\"BreadcrumbList\",\"@id\":\"https:\/\/lecigalon.lu\/impressum\/#breadcrumb\",\"itemListElement\":[{\"@type\":\"ListItem\",\"position\":1,\"name\":\"Home\",\"item\":\"https:\/\/lecigalon.lu\/\"},{\"@type\":\"ListItem\",\"position\":2,\"name\":\"Impressum\"}]},{\"@type\":\"WebSite\",\"@id\":\"https:\/\/lecigalon.lu\/#website\",\"url\":\"https:\/\/lecigalon.lu\/\",\"name\":\"H\u00f4tel-Restaurant Le Cigalon\",\"description\":\"Votre meilleur h\u00f4tel dans le Mullerthal\",\"publisher\":{\"@id\":\"https:\/\/lecigalon.lu\/#organization\"},\"potentialAction\":[{\"@type\":\"SearchAction\",\"target\":{\"@type\":\"EntryPoint\",\"urlTemplate\":\"https:\/\/lecigalon.lu\/?s={search_term_string}\"},\"query-input\":{\"@type\":\"PropertyValueSpecification\",\"valueRequired\":true,\"valueName\":\"search_term_string\"}}],\"inLanguage\":\"en-GB\"},{\"@type\":\"Organization\",\"@id\":\"https:\/\/lecigalon.lu\/#organization\",\"name\":\"H\u00f4tel-Restaurant Le Cigalon\",\"url\":\"https:\/\/lecigalon.lu\/\",\"logo\":{\"@type\":\"ImageObject\",\"inLanguage\":\"en-GB\",\"@id\":\"https:\/\/lecigalon.lu\/#\/schema\/logo\/image\/\",\"url\":\"https:\/\/lecigalon.lu\/wp-content\/uploads\/2021\/03\/CIGALON_Stars-1.jpg\",\"contentUrl\":\"https:\/\/lecigalon.lu\/wp-content\/uploads\/2021\/03\/CIGALON_Stars-1.jpg\",\"width\":1000,\"height\":596,\"caption\":\"H\u00f4tel-Restaurant Le Cigalon\"},\"image\":{\"@id\":\"https:\/\/lecigalon.lu\/#\/schema\/logo\/image\/\"},\"sameAs\":[\"https:\/\/www.facebook.com\/LeCigalonMullerthal\",\"https:\/\/www.instagram.com\/lecigalon_mullerthal\"]}]}<\/script>\n<!-- \/ Yoast SEO plugin. -->","yoast_head_json":{"title":"Impressum - H\u00f4tel-Restaurant Le Cigalon","robots":{"index":"index","follow":"follow","max-snippet":"max-snippet:-1","max-image-preview":"max-image-preview:large","max-video-preview":"max-video-preview:-1"},"canonical":"https:\/\/lecigalon.lu\/en\/impressum\/","og_locale":"en_GB","og_type":"article","og_title":"Impressum - H\u00f4tel-Restaurant Le Cigalon","og_description":"La soci\u00e9t\u00e9 : H\u00f4tel-Restaurant Le Cigalon 1 Rue de l\u2019Ernz Noire, L-6245 Mullerthal Contact : Telephone:\u00a0+352 79 94 95 Fax :\u00a0+352 79 93 83 E-mail :\u00a0lecigalon@pt.lu Site Web :\u00a0lecigalon.lu D\u00e9charge de responsabilit\u00e9 : Responsabilit\u00e9 du contenu : Les contenus de nos pages ont \u00e9t\u00e9 cr\u00e9\u00e9s avec le plus grand soin. Cependant, nous ne pouvons pas [&hellip;]","og_url":"https:\/\/lecigalon.lu\/en\/impressum\/","og_site_name":"H\u00f4tel-Restaurant Le Cigalon","article_publisher":"https:\/\/www.facebook.com\/LeCigalonMullerthal","article_modified_time":"2021-07-02T13:45:16+00:00","twitter_card":"summary_large_image","twitter_misc":{"Estimated reading time":"3 minutes"},"schema":{"@context":"https:\/\/schema.org","@graph":[{"@type":"WebPage","@id":"https:\/\/lecigalon.lu\/impressum\/","url":"https:\/\/lecigalon.lu\/impressum\/","name":"Impressum - H\u00f4tel-Restaurant Le Cigalon","isPartOf":{"@id":"https:\/\/lecigalon.lu\/#website"},"datePublished":"2019-04-26T07:42:02+00:00","dateModified":"2021-07-02T13:45:16+00:00","breadcrumb":{"@id":"https:\/\/lecigalon.lu\/impressum\/#breadcrumb"},"inLanguage":"en-GB","potentialAction":[{"@type":"ReadAction","target":["https:\/\/lecigalon.lu\/impressum\/"]}]},{"@type":"BreadcrumbList","@id":"https:\/\/lecigalon.lu\/impressum\/#breadcrumb","itemListElement":[{"@type":"ListItem","position":1,"name":"Home","item":"https:\/\/lecigalon.lu\/"},{"@type":"ListItem","position":2,"name":"Impressum"}]},{"@type":"WebSite","@id":"https:\/\/lecigalon.lu\/#website","url":"https:\/\/lecigalon.lu\/","name":"H\u00f4tel-Restaurant Le Cigalon","description":"Votre meilleur h\u00f4tel dans le Mullerthal","publisher":{"@id":"https:\/\/lecigalon.lu\/#organization"},"potentialAction":[{"@type":"SearchAction","target":{"@type":"EntryPoint","urlTemplate":"https:\/\/lecigalon.lu\/?s={search_term_string}"},"query-input":{"@type":"PropertyValueSpecification","valueRequired":true,"valueName":"search_term_string"}}],"inLanguage":"en-GB"},{"@type":"Organization","@id":"https:\/\/lecigalon.lu\/#organization","name":"H\u00f4tel-Restaurant Le Cigalon","url":"https:\/\/lecigalon.lu\/","logo":{"@type":"ImageObject","inLanguage":"en-GB","@id":"https:\/\/lecigalon.lu\/#\/schema\/logo\/image\/","url":"https:\/\/lecigalon.lu\/wp-content\/uploads\/2021\/03\/CIGALON_Stars-1.jpg","contentUrl":"https:\/\/lecigalon.lu\/wp-content\/uploads\/2021\/03\/CIGALON_Stars-1.jpg","width":1000,"height":596,"caption":"H\u00f4tel-Restaurant Le Cigalon"},"image":{"@id":"https:\/\/lecigalon.lu\/#\/schema\/logo\/image\/"},"sameAs":["https:\/\/www.facebook.com\/LeCigalonMullerthal","https:\/\/www.instagram.com\/lecigalon_mullerthal"]}]}},"_links":{"self":[{"href":"https:\/\/lecigalon.lu\/en\/wp-json\/wp\/v2\/pages\/513","targetHints":{"allow":["GET"]}}],"collection":[{"href":"https:\/\/lecigalon.lu\/en\/wp-json\/wp\/v2\/pages"}],"about":[{"href":"https:\/\/lecigalon.lu\/en\/wp-json\/wp\/v2\/types\/page"}],"author":[{"embeddable":true,"href":"https:\/\/lecigalon.lu\/en\/wp-json\/wp\/v2\/users\/2"}],"replies":[{"embeddable":true,"href":"https:\/\/lecigalon.lu\/en\/wp-json\/wp\/v2\/comments?post=513"}],"version-history":[{"count":41,"href":"https:\/\/lecigalon.lu\/en\/wp-json\/wp\/v2\/pages\/513\/revisions"}],"predecessor-version":[{"id":3392,"href":"https:\/\/lecigalon.lu\/en\/wp-json\/wp\/v2\/pages\/513\/revisions\/3392"}],"wp:attachment":[{"href":"https:\/\/lecigalon.lu\/en\/wp-json\/wp\/v2\/media?parent=513"}],"curies":[{"name":"wp","href":"https:\/\/api.w.org\/{rel}","templated":true}]}}