{"id":8,"date":"2019-04-13T07:06:36","date_gmt":"2019-04-13T07:06:36","guid":{"rendered":"http:\/\/localhost\/oasisgracebay\/?page_id=8"},"modified":"2025-09-17T18:08:49","modified_gmt":"2025-09-17T18:08:49","slug":"lhotel-restaurant-le-cigalon-est-situe-dans-le-village-de-mullerthal-au-luxembourg-region-connue-comme-la-petite-suisse","status":"publish","type":"page","link":"https:\/\/lecigalon.lu\/en\/","title":{"rendered":"Home"},"content":{"rendered":"","protected":false},"excerpt":{"rendered":"","protected":false},"author":2,"featured_media":0,"parent":0,"menu_order":0,"comment_status":"closed","ping_status":"closed","template":"template-home.php","meta":{"_acf_changed":false,"footnotes":""},"class_list":["post-8","page","type-page","status-publish","hentry"],"acf":[],"yoast_head":"<!-- This site is optimized with the Yoast SEO plugin v26.5 - https:\/\/yoast.com\/wordpress\/plugins\/seo\/ -->\n<title>Hotel Restaurant Le Cigalon - Mullerthal, Luxembourg, Petit Suisse<\/title>\n<meta name=\"description\" content=\"L&#039;h\u00f4tel restaurant Le Cigalon est situ\u00e9 dans le village de Mullerthal au Luxembourg, r\u00e9gion connue comme la petite Suisse.\" \/>\n<meta name=\"robots\" content=\"index, follow, max-snippet:-1, max-image-preview:large, max-video-preview:-1\" \/>\n<link rel=\"canonical\" href=\"https:\/\/lecigalon.lu\/en\/\" \/>\n<meta property=\"og:locale\" content=\"en_GB\" \/>\n<meta property=\"og:type\" content=\"article\" \/>\n<meta property=\"og:title\" content=\"Hotel Restaurant Le Cigalon - Mullerthal, Luxembourg, Petit Suisse\" \/>\n<meta property=\"og:description\" content=\"L&#039;h\u00f4tel restaurant Le Cigalon est situ\u00e9 dans le village de Mullerthal au Luxembourg, r\u00e9gion connue comme la petite Suisse.\" \/>\n<meta property=\"og:url\" content=\"https:\/\/lecigalon.lu\/en\/\" \/>\n<meta property=\"og:site_name\" content=\"H\u00f4tel-Restaurant Le Cigalon\" \/>\n<meta property=\"article:publisher\" content=\"https:\/\/www.facebook.com\/LeCigalonMullerthal\" \/>\n<meta property=\"article:modified_time\" content=\"2025-09-17T18:08:49+00:00\" \/>\n<meta name=\"twitter:card\" content=\"summary_large_image\" \/>\n<script type=\"application\/ld+json\" class=\"yoast-schema-graph\">{\"@context\":\"https:\/\/schema.org\",\"@graph\":[{\"@type\":\"WebPage\",\"@id\":\"https:\/\/lecigalon.lu\/\",\"url\":\"https:\/\/lecigalon.lu\/\",\"name\":\"Hotel Restaurant Le Cigalon - Mullerthal, Luxembourg, Petit Suisse\",\"isPartOf\":{\"@id\":\"https:\/\/lecigalon.lu\/#website\"},\"datePublished\":\"2019-04-13T07:06:36+00:00\",\"dateModified\":\"2025-09-17T18:08:49+00:00\",\"description\":\"L'h\u00f4tel restaurant Le Cigalon est situ\u00e9 dans le village de Mullerthal au Luxembourg, r\u00e9gion connue comme la petite Suisse.\",\"breadcrumb\":{\"@id\":\"https:\/\/lecigalon.lu\/#breadcrumb\"},\"inLanguage\":\"en-GB\",\"potentialAction\":[{\"@type\":\"ReadAction\",\"target\":[\"https:\/\/lecigalon.lu\/\"]}]},{\"@type\":\"BreadcrumbList\",\"@id\":\"https:\/\/lecigalon.lu\/#breadcrumb\",\"itemListElement\":[{\"@type\":\"ListItem\",\"position\":1,\"name\":\"Home\",\"item\":\"https:\/\/lecigalon.lu\/\"},{\"@type\":\"ListItem\",\"position\":2,\"name\":\"Accueil\"}]},{\"@type\":\"WebSite\",\"@id\":\"https:\/\/lecigalon.lu\/#website\",\"url\":\"https:\/\/lecigalon.lu\/\",\"name\":\"H\u00f4tel-Restaurant Le Cigalon\",\"description\":\"Votre meilleur h\u00f4tel dans le Mullerthal\",\"publisher\":{\"@id\":\"https:\/\/lecigalon.lu\/#organization\"},\"potentialAction\":[{\"@type\":\"SearchAction\",\"target\":{\"@type\":\"EntryPoint\",\"urlTemplate\":\"https:\/\/lecigalon.lu\/?s={search_term_string}\"},\"query-input\":{\"@type\":\"PropertyValueSpecification\",\"valueRequired\":true,\"valueName\":\"search_term_string\"}}],\"inLanguage\":\"en-GB\"},{\"@type\":\"Organization\",\"@id\":\"https:\/\/lecigalon.lu\/#organization\",\"name\":\"H\u00f4tel-Restaurant Le Cigalon\",\"url\":\"https:\/\/lecigalon.lu\/\",\"logo\":{\"@type\":\"ImageObject\",\"inLanguage\":\"en-GB\",\"@id\":\"https:\/\/lecigalon.lu\/#\/schema\/logo\/image\/\",\"url\":\"https:\/\/lecigalon.lu\/wp-content\/uploads\/2021\/03\/CIGALON_Stars-1.jpg\",\"contentUrl\":\"https:\/\/lecigalon.lu\/wp-content\/uploads\/2021\/03\/CIGALON_Stars-1.jpg\",\"width\":1000,\"height\":596,\"caption\":\"H\u00f4tel-Restaurant Le Cigalon\"},\"image\":{\"@id\":\"https:\/\/lecigalon.lu\/#\/schema\/logo\/image\/\"},\"sameAs\":[\"https:\/\/www.facebook.com\/LeCigalonMullerthal\",\"https:\/\/www.instagram.com\/lecigalon_mullerthal\"]}]}<\/script>\n<!-- \/ Yoast SEO plugin. -->","yoast_head_json":{"title":"Hotel Restaurant Le Cigalon - Mullerthal, Luxembourg, Petit Suisse","description":"L'h\u00f4tel restaurant Le Cigalon est situ\u00e9 dans le village de Mullerthal au Luxembourg, r\u00e9gion connue comme la petite Suisse.","robots":{"index":"index","follow":"follow","max-snippet":"max-snippet:-1","max-image-preview":"max-image-preview:large","max-video-preview":"max-video-preview:-1"},"canonical":"https:\/\/lecigalon.lu\/en\/","og_locale":"en_GB","og_type":"article","og_title":"Hotel Restaurant Le Cigalon - Mullerthal, Luxembourg, Petit Suisse","og_description":"L'h\u00f4tel restaurant Le Cigalon est situ\u00e9 dans le village de Mullerthal au Luxembourg, r\u00e9gion connue comme la petite Suisse.","og_url":"https:\/\/lecigalon.lu\/en\/","og_site_name":"H\u00f4tel-Restaurant Le Cigalon","article_publisher":"https:\/\/www.facebook.com\/LeCigalonMullerthal","article_modified_time":"2025-09-17T18:08:49+00:00","twitter_card":"summary_large_image","schema":{"@context":"https:\/\/schema.org","@graph":[{"@type":"WebPage","@id":"https:\/\/lecigalon.lu\/","url":"https:\/\/lecigalon.lu\/","name":"Hotel Restaurant Le Cigalon - Mullerthal, Luxembourg, Petit Suisse","isPartOf":{"@id":"https:\/\/lecigalon.lu\/#website"},"datePublished":"2019-04-13T07:06:36+00:00","dateModified":"2025-09-17T18:08:49+00:00","description":"L'h\u00f4tel restaurant Le Cigalon est situ\u00e9 dans le village de Mullerthal au Luxembourg, r\u00e9gion connue comme la petite Suisse.","breadcrumb":{"@id":"https:\/\/lecigalon.lu\/#breadcrumb"},"inLanguage":"en-GB","potentialAction":[{"@type":"ReadAction","target":["https:\/\/lecigalon.lu\/"]}]},{"@type":"BreadcrumbList","@id":"https:\/\/lecigalon.lu\/#breadcrumb","itemListElement":[{"@type":"ListItem","position":1,"name":"Home","item":"https:\/\/lecigalon.lu\/"},{"@type":"ListItem","position":2,"name":"Accueil"}]},{"@type":"WebSite","@id":"https:\/\/lecigalon.lu\/#website","url":"https:\/\/lecigalon.lu\/","name":"H\u00f4tel-Restaurant Le Cigalon","description":"Votre meilleur h\u00f4tel dans le Mullerthal","publisher":{"@id":"https:\/\/lecigalon.lu\/#organization"},"potentialAction":[{"@type":"SearchAction","target":{"@type":"EntryPoint","urlTemplate":"https:\/\/lecigalon.lu\/?s={search_term_string}"},"query-input":{"@type":"PropertyValueSpecification","valueRequired":true,"valueName":"search_term_string"}}],"inLanguage":"en-GB"},{"@type":"Organization","@id":"https:\/\/lecigalon.lu\/#organization","name":"H\u00f4tel-Restaurant Le Cigalon","url":"https:\/\/lecigalon.lu\/","logo":{"@type":"ImageObject","inLanguage":"en-GB","@id":"https:\/\/lecigalon.lu\/#\/schema\/logo\/image\/","url":"https:\/\/lecigalon.lu\/wp-content\/uploads\/2021\/03\/CIGALON_Stars-1.jpg","contentUrl":"https:\/\/lecigalon.lu\/wp-content\/uploads\/2021\/03\/CIGALON_Stars-1.jpg","width":1000,"height":596,"caption":"H\u00f4tel-Restaurant Le Cigalon"},"image":{"@id":"https:\/\/lecigalon.lu\/#\/schema\/logo\/image\/"},"sameAs":["https:\/\/www.facebook.com\/LeCigalonMullerthal","https:\/\/www.instagram.com\/lecigalon_mullerthal"]}]}},"_links":{"self":[{"href":"https:\/\/lecigalon.lu\/en\/wp-json\/wp\/v2\/pages\/8","targetHints":{"allow":["GET"]}}],"collection":[{"href":"https:\/\/lecigalon.lu\/en\/wp-json\/wp\/v2\/pages"}],"about":[{"href":"https:\/\/lecigalon.lu\/en\/wp-json\/wp\/v2\/types\/page"}],"author":[{"embeddable":true,"href":"https:\/\/lecigalon.lu\/en\/wp-json\/wp\/v2\/users\/2"}],"replies":[{"embeddable":true,"href":"https:\/\/lecigalon.lu\/en\/wp-json\/wp\/v2\/comments?post=8"}],"version-history":[{"count":233,"href":"https:\/\/lecigalon.lu\/en\/wp-json\/wp\/v2\/pages\/8\/revisions"}],"predecessor-version":[{"id":3743,"href":"https:\/\/lecigalon.lu\/en\/wp-json\/wp\/v2\/pages\/8\/revisions\/3743"}],"wp:attachment":[{"href":"https:\/\/lecigalon.lu\/en\/wp-json\/wp\/v2\/media?parent=8"}],"curies":[{"name":"wp","href":"https:\/\/api.w.org\/{rel}","templated":true}]}}